{"id":1905,"date":"2025-06-13T14:49:16","date_gmt":"2025-06-13T14:49:16","guid":{"rendered":"https:\/\/psy-sylviaderoulhac.fr\/?page_id=1905"},"modified":"2025-06-16T09:58:55","modified_gmt":"2025-06-16T09:58:55","slug":"mention-legal","status":"publish","type":"page","link":"https:\/\/psy-sylviaderoulhac.fr\/?page_id=1905","title":{"rendered":"Mention l\u00e9gal"},"content":{"rendered":"\n<h1 class=\"wp-block-heading has-large-font-size\">1. \u00c9diteur du site<\/h1>\n\n\n\n<p>Le pr\u00e9sent site internet est \u00e9dit\u00e9 par :<br><strong>NOM \/ RAISON SOCIALE<\/strong> : Sylvia de Roulhac \/ PsychanalystePsychopraticienne<br><strong>Forme juridique<\/strong> : Entrepreneur individuel<br><strong>Adresse du si\u00e8ge social<\/strong> :  <strong>43 BVD Jean Jaures 11000 Carcassonne<\/strong><br><strong>Num\u00e9ro SIRET<\/strong> : 897 958 286 <br><strong>RCS<\/strong> : Carcassonne<br><strong>Directeur de la publication<\/strong> : Sylvia de Roulhac<br><strong>Contact<\/strong> : sylvia11160@gmail.com<\/p>\n\n\n\n<hr class=\"wp-block-separator has-alpha-channel-opacity\"\/>\n\n\n\n<h3 class=\"wp-block-heading has-large-font-size\">2. H\u00e9bergement<\/h3>\n\n\n\n<p>Le site est h\u00e9berg\u00e9 par :<br><strong>Nom de l\u2019h\u00e9bergeur<\/strong> : Ataraxie<br><strong>Adresse de l\u2019h\u00e9bergeur<\/strong> : 80 all\u00e9e d&rsquo;I\u00e9na 11000 Carcassonne<br><strong>Site web<\/strong> : <a href=\"https:\/\/www.ataraxie.fr\/\">https:\/\/www.ataraxie.fr<\/a><\/p>\n\n\n\n<hr class=\"wp-block-separator has-alpha-channel-opacity\"\/>\n\n\n\n<h3 class=\"wp-block-heading has-large-font-size\">3. Propri\u00e9t\u00e9 intellectuelle<\/h3>\n\n\n\n<p>L\u2019ensemble des contenus pr\u00e9sents sur ce site (textes, images, vid\u00e9os, logo, etc.) sont la propri\u00e9t\u00e9 exclusive de <strong>Sylvia de Roulhac<\/strong>, sauf mention contraire.<br>Toute reproduction, distribution, modification, adaptation, retransmission ou publication, m\u00eame partielle, de ces diff\u00e9rents \u00e9l\u00e9ments est strictement interdite sans l&rsquo;accord pr\u00e9alable \u00e9crit de l\u2019auteur.<\/p>\n\n\n\n<hr class=\"wp-block-separator has-alpha-channel-opacity\"\/>\n\n\n\n<h3 class=\"wp-block-heading has-large-font-size\">4. Donn\u00e9es personnelles<\/h3>\n\n\n\n<p>Conform\u00e9ment au <strong>R\u00e8glement G\u00e9n\u00e9ral sur la Protection des Donn\u00e9es (RGPD)<\/strong>, vous disposez d\u2019un droit d\u2019acc\u00e8s, de rectification et de suppression des donn\u00e9es vous concernant.<br>Pour toute demande, vous pouvez \u00e9crire \u00e0 : <strong>sylvia11160@gmail.com<\/strong><\/p>\n\n\n\n<p>Des cookies peuvent \u00eatre utilis\u00e9s pour am\u00e9liorer l\u2019exp\u00e9rience utilisateur. Vous pouvez g\u00e9rer vos pr\u00e9f\u00e9rences dans votre navigateur.<\/p>\n\n\n\n<hr class=\"wp-block-separator has-alpha-channel-opacity\"\/>\n\n\n\n<h3 class=\"wp-block-heading has-large-font-size\">5. Responsabilit\u00e9<\/h3>\n\n\n\n<p>L\u2019\u00e9diteur du site ne saurait \u00eatre tenu pour responsable d\u2019\u00e9ventuels dysfonctionnements techniques ou erreurs d\u2019information pr\u00e9sentes sur le site. L\u2019utilisateur est seul responsable de l\u2019usage qu\u2019il fait des informations fournies.<\/p>\n\n\n\n<p><\/p>\n","protected":false},"excerpt":{"rendered":"<p>1. \u00c9diteur du site Le pr\u00e9sent site internet est \u00e9dit\u00e9 par :NOM \/ RAISON SOCIALE : Sylvia de Roulhac \/ PsychanalystePsychopraticienneForme juridique : Entrepreneur individuelAdresse du si\u00e8ge social : 43 BVD Jean Jaures 11000 CarcassonneNum\u00e9ro SIRET : 897 958 286 RCS : CarcassonneDirecteur de la publication : Sylvia de RoulhacContact : sylvia11160@gmail.com 2. H\u00e9bergement Le [&hellip;]<\/p>\n","protected":false},"author":1,"featured_media":0,"parent":0,"menu_order":0,"comment_status":"closed","ping_status":"closed","template":"","meta":{"_themeisle_gutenberg_block_has_review":false,"footnotes":""},"class_list":["post-1905","page","type-page","status-publish","hentry"],"yoast_head":"<!-- This site is optimized with the Yoast SEO plugin v25.3 - https:\/\/yoast.com\/wordpress\/plugins\/seo\/ -->\n<title>Mention l\u00e9gal - Sylvia de Roulhac - Psy Carcassonne<\/title>\n<meta name=\"robots\" content=\"index, follow, max-snippet:-1, max-image-preview:large, max-video-preview:-1\" \/>\n<link rel=\"canonical\" href=\"https:\/\/psy-sylviaderoulhac.fr\/?page_id=1905\" \/>\n<meta property=\"og:locale\" content=\"fr_FR\" \/>\n<meta property=\"og:type\" content=\"article\" \/>\n<meta property=\"og:title\" content=\"Mention l\u00e9gal - Sylvia de Roulhac - Psy Carcassonne\" \/>\n<meta property=\"og:description\" content=\"1. \u00c9diteur du site Le pr\u00e9sent site internet est \u00e9dit\u00e9 par :NOM \/ RAISON SOCIALE : Sylvia de Roulhac \/ PsychanalystePsychopraticienneForme juridique : Entrepreneur individuelAdresse du si\u00e8ge social : 43 BVD Jean Jaures 11000 CarcassonneNum\u00e9ro SIRET : 897 958 286 RCS : CarcassonneDirecteur de la publication : Sylvia de RoulhacContact : sylvia11160@gmail.com 2. H\u00e9bergement Le [&hellip;]\" \/>\n<meta property=\"og:url\" content=\"https:\/\/psy-sylviaderoulhac.fr\/?page_id=1905\" \/>\n<meta property=\"og:site_name\" content=\"Sylvia de Roulhac - Psy Carcassonne\" \/>\n<meta property=\"article:publisher\" content=\"https:\/\/www.facebook.com\/sylvia.gregoirederoulhac?locale=fr_FR\" \/>\n<meta property=\"article:modified_time\" content=\"2025-06-16T09:58:55+00:00\" \/>\n<meta name=\"twitter:card\" content=\"summary_large_image\" \/>\n<meta name=\"twitter:label1\" content=\"Dur\u00e9e de lecture estim\u00e9e\" \/>\n\t<meta name=\"twitter:data1\" content=\"2 minutes\" \/>\n<script type=\"application\/ld+json\" class=\"yoast-schema-graph\">{\"@context\":\"https:\/\/schema.org\",\"@graph\":[{\"@type\":\"WebPage\",\"@id\":\"https:\/\/psy-sylviaderoulhac.fr\/?page_id=1905\",\"url\":\"https:\/\/psy-sylviaderoulhac.fr\/?page_id=1905\",\"name\":\"Mention l\u00e9gal - Sylvia de Roulhac - Psy Carcassonne\",\"isPartOf\":{\"@id\":\"https:\/\/psy-sylviaderoulhac.fr\/#website\"},\"datePublished\":\"2025-06-13T14:49:16+00:00\",\"dateModified\":\"2025-06-16T09:58:55+00:00\",\"breadcrumb\":{\"@id\":\"https:\/\/psy-sylviaderoulhac.fr\/?page_id=1905#breadcrumb\"},\"inLanguage\":\"fr-FR\",\"potentialAction\":[{\"@type\":\"ReadAction\",\"target\":[\"https:\/\/psy-sylviaderoulhac.fr\/?page_id=1905\"]}]},{\"@type\":\"BreadcrumbList\",\"@id\":\"https:\/\/psy-sylviaderoulhac.fr\/?page_id=1905#breadcrumb\",\"itemListElement\":[{\"@type\":\"ListItem\",\"position\":1,\"name\":\"Accueil\",\"item\":\"https:\/\/psy-sylviaderoulhac.fr\/\"},{\"@type\":\"ListItem\",\"position\":2,\"name\":\"Mention l\u00e9gal\"}]},{\"@type\":\"WebSite\",\"@id\":\"https:\/\/psy-sylviaderoulhac.fr\/#website\",\"url\":\"https:\/\/psy-sylviaderoulhac.fr\/\",\"name\":\"Sylvia de Roulhac - Psy Carcassonne\",\"description\":\"centre bien-\u00eatre Biosport 43 BVD Jean Jaures 11000 Carcassonne face \u00e0&lt;br&gt;la station-service du M\u00e9tropole\",\"publisher\":{\"@id\":\"https:\/\/psy-sylviaderoulhac.fr\/#organization\"},\"potentialAction\":[{\"@type\":\"SearchAction\",\"target\":{\"@type\":\"EntryPoint\",\"urlTemplate\":\"https:\/\/psy-sylviaderoulhac.fr\/?s={search_term_string}\"},\"query-input\":{\"@type\":\"PropertyValueSpecification\",\"valueRequired\":true,\"valueName\":\"search_term_string\"}}],\"inLanguage\":\"fr-FR\"},{\"@type\":\"Organization\",\"@id\":\"https:\/\/psy-sylviaderoulhac.fr\/#organization\",\"name\":\"Sylvia de Roulhac - Psy Carcassonne\",\"url\":\"https:\/\/psy-sylviaderoulhac.fr\/\",\"logo\":{\"@type\":\"ImageObject\",\"inLanguage\":\"fr-FR\",\"@id\":\"https:\/\/psy-sylviaderoulhac.fr\/#\/schema\/logo\/image\/\",\"url\":\"https:\/\/psy-sylviaderoulhac.fr\/wp-content\/uploads\/2024\/04\/cropped-cropped-cropped-logo-Sylvia-psy.jpg\",\"contentUrl\":\"https:\/\/psy-sylviaderoulhac.fr\/wp-content\/uploads\/2024\/04\/cropped-cropped-cropped-logo-Sylvia-psy.jpg\",\"width\":233,\"height\":233,\"caption\":\"Sylvia de Roulhac - Psy Carcassonne\"},\"image\":{\"@id\":\"https:\/\/psy-sylviaderoulhac.fr\/#\/schema\/logo\/image\/\"},\"sameAs\":[\"https:\/\/www.facebook.com\/sylvia.gregoirederoulhac?locale=fr_FR\",\"https:\/\/www.instagram.com\/massages_carcassonne_\/\",\"https:\/\/www.psychologue.net\/cabinets\/sylvia-gregoire-de-roulhac\"]}]}<\/script>\n<!-- \/ Yoast SEO plugin. -->","yoast_head_json":{"title":"Mention l\u00e9gal - Sylvia de Roulhac - Psy Carcassonne","robots":{"index":"index","follow":"follow","max-snippet":"max-snippet:-1","max-image-preview":"max-image-preview:large","max-video-preview":"max-video-preview:-1"},"canonical":"https:\/\/psy-sylviaderoulhac.fr\/?page_id=1905","og_locale":"fr_FR","og_type":"article","og_title":"Mention l\u00e9gal - Sylvia de Roulhac - Psy Carcassonne","og_description":"1. \u00c9diteur du site Le pr\u00e9sent site internet est \u00e9dit\u00e9 par :NOM \/ RAISON SOCIALE : Sylvia de Roulhac \/ PsychanalystePsychopraticienneForme juridique : Entrepreneur individuelAdresse du si\u00e8ge social : 43 BVD Jean Jaures 11000 CarcassonneNum\u00e9ro SIRET : 897 958 286 RCS : CarcassonneDirecteur de la publication : Sylvia de RoulhacContact : sylvia11160@gmail.com 2. H\u00e9bergement Le [&hellip;]","og_url":"https:\/\/psy-sylviaderoulhac.fr\/?page_id=1905","og_site_name":"Sylvia de Roulhac - Psy Carcassonne","article_publisher":"https:\/\/www.facebook.com\/sylvia.gregoirederoulhac?locale=fr_FR","article_modified_time":"2025-06-16T09:58:55+00:00","twitter_card":"summary_large_image","twitter_misc":{"Dur\u00e9e de lecture estim\u00e9e":"2 minutes"},"schema":{"@context":"https:\/\/schema.org","@graph":[{"@type":"WebPage","@id":"https:\/\/psy-sylviaderoulhac.fr\/?page_id=1905","url":"https:\/\/psy-sylviaderoulhac.fr\/?page_id=1905","name":"Mention l\u00e9gal - Sylvia de Roulhac - Psy Carcassonne","isPartOf":{"@id":"https:\/\/psy-sylviaderoulhac.fr\/#website"},"datePublished":"2025-06-13T14:49:16+00:00","dateModified":"2025-06-16T09:58:55+00:00","breadcrumb":{"@id":"https:\/\/psy-sylviaderoulhac.fr\/?page_id=1905#breadcrumb"},"inLanguage":"fr-FR","potentialAction":[{"@type":"ReadAction","target":["https:\/\/psy-sylviaderoulhac.fr\/?page_id=1905"]}]},{"@type":"BreadcrumbList","@id":"https:\/\/psy-sylviaderoulhac.fr\/?page_id=1905#breadcrumb","itemListElement":[{"@type":"ListItem","position":1,"name":"Accueil","item":"https:\/\/psy-sylviaderoulhac.fr\/"},{"@type":"ListItem","position":2,"name":"Mention l\u00e9gal"}]},{"@type":"WebSite","@id":"https:\/\/psy-sylviaderoulhac.fr\/#website","url":"https:\/\/psy-sylviaderoulhac.fr\/","name":"Sylvia de Roulhac - Psy Carcassonne","description":"centre bien-\u00eatre Biosport 43 BVD Jean Jaures 11000 Carcassonne face \u00e0&lt;br&gt;la station-service du M\u00e9tropole","publisher":{"@id":"https:\/\/psy-sylviaderoulhac.fr\/#organization"},"potentialAction":[{"@type":"SearchAction","target":{"@type":"EntryPoint","urlTemplate":"https:\/\/psy-sylviaderoulhac.fr\/?s={search_term_string}"},"query-input":{"@type":"PropertyValueSpecification","valueRequired":true,"valueName":"search_term_string"}}],"inLanguage":"fr-FR"},{"@type":"Organization","@id":"https:\/\/psy-sylviaderoulhac.fr\/#organization","name":"Sylvia de Roulhac - Psy Carcassonne","url":"https:\/\/psy-sylviaderoulhac.fr\/","logo":{"@type":"ImageObject","inLanguage":"fr-FR","@id":"https:\/\/psy-sylviaderoulhac.fr\/#\/schema\/logo\/image\/","url":"https:\/\/psy-sylviaderoulhac.fr\/wp-content\/uploads\/2024\/04\/cropped-cropped-cropped-logo-Sylvia-psy.jpg","contentUrl":"https:\/\/psy-sylviaderoulhac.fr\/wp-content\/uploads\/2024\/04\/cropped-cropped-cropped-logo-Sylvia-psy.jpg","width":233,"height":233,"caption":"Sylvia de Roulhac - Psy Carcassonne"},"image":{"@id":"https:\/\/psy-sylviaderoulhac.fr\/#\/schema\/logo\/image\/"},"sameAs":["https:\/\/www.facebook.com\/sylvia.gregoirederoulhac?locale=fr_FR","https:\/\/www.instagram.com\/massages_carcassonne_\/","https:\/\/www.psychologue.net\/cabinets\/sylvia-gregoire-de-roulhac"]}]}},"_links":{"self":[{"href":"https:\/\/psy-sylviaderoulhac.fr\/index.php?rest_route=\/wp\/v2\/pages\/1905","targetHints":{"allow":["GET"]}}],"collection":[{"href":"https:\/\/psy-sylviaderoulhac.fr\/index.php?rest_route=\/wp\/v2\/pages"}],"about":[{"href":"https:\/\/psy-sylviaderoulhac.fr\/index.php?rest_route=\/wp\/v2\/types\/page"}],"author":[{"embeddable":true,"href":"https:\/\/psy-sylviaderoulhac.fr\/index.php?rest_route=\/wp\/v2\/users\/1"}],"replies":[{"embeddable":true,"href":"https:\/\/psy-sylviaderoulhac.fr\/index.php?rest_route=%2Fwp%2Fv2%2Fcomments&post=1905"}],"version-history":[{"count":4,"href":"https:\/\/psy-sylviaderoulhac.fr\/index.php?rest_route=\/wp\/v2\/pages\/1905\/revisions"}],"predecessor-version":[{"id":1921,"href":"https:\/\/psy-sylviaderoulhac.fr\/index.php?rest_route=\/wp\/v2\/pages\/1905\/revisions\/1921"}],"wp:attachment":[{"href":"https:\/\/psy-sylviaderoulhac.fr\/index.php?rest_route=%2Fwp%2Fv2%2Fmedia&parent=1905"}],"curies":[{"name":"wp","href":"https:\/\/api.w.org\/{rel}","templated":true}]}}