{"id":1864,"date":"2025-06-05T06:29:26","date_gmt":"2025-06-05T06:29:26","guid":{"rendered":"https:\/\/psy-sylviaderoulhac.fr\/?page_id=1864"},"modified":"2025-06-13T14:15:15","modified_gmt":"2025-06-13T14:15:15","slug":"prendre-rendez-vous","status":"publish","type":"page","link":"https:\/\/psy-sylviaderoulhac.fr\/?page_id=1864","title":{"rendered":"formulaire"},"content":{"rendered":"\n<div id=\"wp-block-themeisle-blocks-advanced-columns-40db0924\" class=\"wp-block-themeisle-blocks-advanced-columns alignfull has-2-columns has-desktop-equal-layout has-tablet-equal-layout has-mobile-collapsedRows-layout has-vertical-top ticss-c00aadba\"><div class=\"wp-block-themeisle-blocks-advanced-columns-overlay\"><\/div><div class=\"innerblocks-wrap\">\n<div id=\"wp-block-themeisle-blocks-advanced-column-006aede9\" class=\"wp-block-themeisle-blocks-advanced-column\">\n<div id=\"wp-block-themeisle-blocks-font-awesome-icons-2b7e7997\" class=\"wp-block-themeisle-blocks-font-awesome-icons\"><span class=\"wp-block-themeisle-blocks-font-awesome-icons-container\"><svg xmlns=\"http:\/\/www.w3.org\/2000\/svg\" viewBox=\"0 0 1800 1800\"><path d=\"M531.087,344.727c0.247,0,0.492,0.033,0.739,0.033h453.558c16.819,0,30.444-13.625,30.444-30.436 c0-16.815-13.625-30.435-30.444-30.435H638.226H531.826c-16.811,0-30.44,13.62-30.44,30.435 C501.386,330.885,514.624,344.331,531.087,344.727z\"><\/path><path d=\"M531.826,497.389h749.422c16.814,0,30.443-13.629,30.443-30.439c0-16.814-13.629-30.439-30.443-30.439 H531.826c-16.811,0-30.44,13.625-30.44,30.439C501.386,483.76,515.016,497.389,531.826,497.389z\"><\/path><path d=\"M531.826,650.009h749.422c16.814,0,30.443-13.633,30.443-30.444c0-8.872-3.822-16.827-9.877-22.389 c-5.424-4.982-12.625-8.046-20.566-8.046H531.826c-7.938,0-15.143,3.064-20.567,8.046c-6.054,5.562-9.873,13.517-9.873,22.389 C501.386,636.376,515.016,650.009,531.826,650.009z\"><\/path><path d=\"M1311.691,772.194c0-16.806-13.629-30.436-30.443-30.436H531.826c-16.811,0-30.44,13.629-30.44,30.436 c0,16.815,13.629,30.444,30.44,30.444h749.422C1298.063,802.638,1311.691,789.009,1311.691,772.194z\"><\/path><path d=\"M1772.088,533.511c-2.481-3.422-5.691-6.4-9.603-8.622l-246.454-139.961v-82.389v-9.853 c-1.264-7.738-5.432-14.501-11.406-19.066l-49.465-42.835l-131.073-113.508l-61.889-53.596c-5.286-4.582-11.866-7.021-18.591-7.275 h-2.197H937.55h-66.904H383.746c-47.809,0-86.705,38.895-86.705,86.696V382.15L61.554,515.893 c-31.678,11.565-54.396,41.913-54.396,77.54v1067.543c0,45.554,37.064,82.618,82.622,82.618h1625.598 c45.558,0,82.623-37.064,82.623-82.618V593.433C1798,569.839,1788.002,548.583,1772.088,533.511z M1614.426,510.814l92.579,52.583 l-11.661,8.301l-179.313,127.664V571.698v-60.883v-55.873L1614.426,510.814z M1405.5,267.454h-132.895V152.361L1405.5,267.454z M357.922,571.698v-60.883v-93.226v-70.01V143.102c0-14.239,11.585-25.825,25.824-25.825h379.699H886.73h34.734h123.285h167.617 v180.296c0,16.631,13.483,30.11,30.119,30.11h212.674v22.668v70.015v90.448v60.883V742.7l-397.298,282.87l-50.781,36.148 l-18.591,13.241l-81.088,57.728l-81.093-57.728l-18.611-13.25l-50.782-36.155L357.922,741.483V571.698z M193.76,510.814 l103.281-58.649v58.649v60.883V698.14L119.448,571.698l-14.597-10.395L193.76,510.814z M68.036,1648.984V609.822l229.005,163.047 l60.88,43.344L710.7,1067.38l-8.372,7.58l-67.267,60.871L68.036,1648.984z M121.495,1682.723l604.294-546.892l35.693-32.304 l45.37,32.304l82.897,59.028c5.283,3.76,11.462,5.637,17.653,5.637c6.187,0,12.369-1.877,17.652-5.637l82.889-59.028l45.354-32.286 l35.686,32.286l604.311,546.892H121.495z M1737.119,1640.271l-557.41-504.439l-67.267-60.871l-8.359-7.563l351.077-249.962 l60.871-43.348l221.088-157.407V1640.271z\"><\/path><\/svg><\/span><\/div>\n\n\n\n<h2 id=\"wp-block-themeisle-blocks-advanced-heading-8e35b90f\" class=\"wp-block-themeisle-blocks-advanced-heading wp-block-themeisle-blocks-advanced-heading-8e35b90f\">prendre rendez-vous<\/h2>\n\n\n\n<p>En remplissant ce formulaire, votre message me sera envoy\u00e9 directement par email. Je vous r\u00e9pondrai dans les plus brefs d\u00e9lais.<\/p>\n\n\n\n<p class=\"has-ti-fg-color has-text-color has-link-color wp-elements-eeda315d512dfc4b58397d7df7cc7e53\">Il est aussi possible de r\u00e9server directement en ligne via :<\/p>\n\n\n\n<p class=\"has-ti-accent-secondary-color has-text-color has-link-color wp-elements-5956a95bc17f202bd22e056799ef2983\"> <a class=\"\" href=\"https:\/\/www.psychologue.net\/cabinets\/sylvia-gregoire-de-roulhac\">psychologue.net<\/a><\/p>\n\n\n\n<div id=\"wp-block-themeisle-blocks-icon-list-dfc1fb3a\" class=\"wp-block-themeisle-blocks-icon-list\">\n<div id=\"wp-block-themeisle-blocks-icon-list-item-e6a57e87\" class=\"wp-block-themeisle-blocks-icon-list-item\"><i class=\"fas fa-phone wp-block-themeisle-blocks-icon-list-item-icon\"><\/i><p class=\"wp-block-themeisle-blocks-icon-list-item-content\"><strong>06 19 34 40 58<\/strong><\/p><\/div>\n\n\n\n<div id=\"wp-block-themeisle-blocks-icon-list-item-648b3a6e\" class=\"wp-block-themeisle-blocks-icon-list-item\"><i class=\"far fa-envelope wp-block-themeisle-blocks-icon-list-item-icon\"><\/i><p class=\"wp-block-themeisle-blocks-icon-list-item-content\"><strong>sylvia11160@gmail.com<\/strong><\/p><\/div>\n\n\n\n<div id=\"wp-block-themeisle-blocks-icon-list-item-d4eec3f8\" class=\"wp-block-themeisle-blocks-icon-list-item\"><i class=\"fas fa-map-marker-alt wp-block-themeisle-blocks-icon-list-item-icon\"><\/i><p class=\"wp-block-themeisle-blocks-icon-list-item-content\"><strong>43 boulevard Jean Jaur\u00e8s, 11000 Carcassonne<\/strong><\/p><\/div>\n<\/div>\n\n\n\n<ul class=\"wp-block-social-links has-large-icon-size is-style-logos-only is-layout-flex wp-block-social-links-is-layout-flex\"><li class=\"wp-social-link wp-social-link-facebook  wp-block-social-link\"><a href=\"https:\/\/www.facebook.com\/sylvia.gregoirederoulhac?locale=fr_FR\" class=\"wp-block-social-link-anchor\"><svg width=\"24\" height=\"24\" viewBox=\"0 0 24 24\" version=\"1.1\" xmlns=\"http:\/\/www.w3.org\/2000\/svg\" aria-hidden=\"true\" focusable=\"false\"><path d=\"M12 2C6.5 2 2 6.5 2 12c0 5 3.7 9.1 8.4 9.9v-7H7.9V12h2.5V9.8c0-2.5 1.5-3.9 3.8-3.9 1.1 0 2.2.2 2.2.2v2.5h-1.3c-1.2 0-1.6.8-1.6 1.6V12h2.8l-.4 2.9h-2.3v7C18.3 21.1 22 17 22 12c0-5.5-4.5-10-10-10z\"><\/path><\/svg><span class=\"wp-block-social-link-label screen-reader-text\">Facebook<\/span><\/a><\/li>\n\n<li class=\"wp-social-link wp-social-link-instagram  wp-block-social-link\"><a href=\"https:\/\/www.instagram.com\/massages_carcassonne_\/\" class=\"wp-block-social-link-anchor\"><svg width=\"24\" height=\"24\" viewBox=\"0 0 24 24\" version=\"1.1\" xmlns=\"http:\/\/www.w3.org\/2000\/svg\" aria-hidden=\"true\" focusable=\"false\"><path d=\"M12,4.622c2.403,0,2.688,0.009,3.637,0.052c0.877,0.04,1.354,0.187,1.671,0.31c0.42,0.163,0.72,0.358,1.035,0.673 c0.315,0.315,0.51,0.615,0.673,1.035c0.123,0.317,0.27,0.794,0.31,1.671c0.043,0.949,0.052,1.234,0.052,3.637 s-0.009,2.688-0.052,3.637c-0.04,0.877-0.187,1.354-0.31,1.671c-0.163,0.42-0.358,0.72-0.673,1.035 c-0.315,0.315-0.615,0.51-1.035,0.673c-0.317,0.123-0.794,0.27-1.671,0.31c-0.949,0.043-1.233,0.052-3.637,0.052 s-2.688-0.009-3.637-0.052c-0.877-0.04-1.354-0.187-1.671-0.31c-0.42-0.163-0.72-0.358-1.035-0.673 c-0.315-0.315-0.51-0.615-0.673-1.035c-0.123-0.317-0.27-0.794-0.31-1.671C4.631,14.688,4.622,14.403,4.622,12 s0.009-2.688,0.052-3.637c0.04-0.877,0.187-1.354,0.31-1.671c0.163-0.42,0.358-0.72,0.673-1.035 c0.315-0.315,0.615-0.51,1.035-0.673c0.317-0.123,0.794-0.27,1.671-0.31C9.312,4.631,9.597,4.622,12,4.622 M12,3 C9.556,3,9.249,3.01,8.289,3.054C7.331,3.098,6.677,3.25,6.105,3.472C5.513,3.702,5.011,4.01,4.511,4.511 c-0.5,0.5-0.808,1.002-1.038,1.594C3.25,6.677,3.098,7.331,3.054,8.289C3.01,9.249,3,9.556,3,12c0,2.444,0.01,2.751,0.054,3.711 c0.044,0.958,0.196,1.612,0.418,2.185c0.23,0.592,0.538,1.094,1.038,1.594c0.5,0.5,1.002,0.808,1.594,1.038 c0.572,0.222,1.227,0.375,2.185,0.418C9.249,20.99,9.556,21,12,21s2.751-0.01,3.711-0.054c0.958-0.044,1.612-0.196,2.185-0.418 c0.592-0.23,1.094-0.538,1.594-1.038c0.5-0.5,0.808-1.002,1.038-1.594c0.222-0.572,0.375-1.227,0.418-2.185 C20.99,14.751,21,14.444,21,12s-0.01-2.751-0.054-3.711c-0.044-0.958-0.196-1.612-0.418-2.185c-0.23-0.592-0.538-1.094-1.038-1.594 c-0.5-0.5-1.002-0.808-1.594-1.038c-0.572-0.222-1.227-0.375-2.185-0.418C14.751,3.01,14.444,3,12,3L12,3z M12,7.378 c-2.552,0-4.622,2.069-4.622,4.622S9.448,16.622,12,16.622s4.622-2.069,4.622-4.622S14.552,7.378,12,7.378z M12,15 c-1.657,0-3-1.343-3-3s1.343-3,3-3s3,1.343,3,3S13.657,15,12,15z M16.804,6.116c-0.596,0-1.08,0.484-1.08,1.08 s0.484,1.08,1.08,1.08c0.596,0,1.08-0.484,1.08-1.08S17.401,6.116,16.804,6.116z\"><\/path><\/svg><span class=\"wp-block-social-link-label screen-reader-text\">Instagram<\/span><\/a><\/li><\/ul>\n<\/div>\n\n\n\n<div id=\"wp-block-themeisle-blocks-advanced-column-ee3078f9\" class=\"wp-block-themeisle-blocks-advanced-column\">\n<div class=\"wpcf7 no-js\" id=\"wpcf7-f1863-o1\" lang=\"fr-FR\" dir=\"ltr\" data-wpcf7-id=\"1863\">\n<div class=\"screen-reader-response\"><p role=\"status\" aria-live=\"polite\" aria-atomic=\"true\"><\/p> <ul><\/ul><\/div>\n<form action=\"\/index.php?rest_route=%2Fwp%2Fv2%2Fpages%2F1864#wpcf7-f1863-o1\" method=\"post\" class=\"wpcf7-form init\" aria-label=\"Formulaire de contact\" novalidate=\"novalidate\" data-status=\"init\">\n<div style=\"display: none;\">\n<input type=\"hidden\" name=\"_wpcf7\" value=\"1863\" \/>\n<input type=\"hidden\" name=\"_wpcf7_version\" value=\"6.0.6\" \/>\n<input type=\"hidden\" name=\"_wpcf7_locale\" value=\"fr_FR\" \/>\n<input type=\"hidden\" name=\"_wpcf7_unit_tag\" value=\"wpcf7-f1863-o1\" \/>\n<input type=\"hidden\" name=\"_wpcf7_container_post\" value=\"0\" \/>\n<input type=\"hidden\" name=\"_wpcf7_posted_data_hash\" value=\"\" \/>\n<\/div>\n<p><label> Votre nom et pr\u00e9nom<br \/>\n<span class=\"wpcf7-form-control-wrap\" data-name=\"your-name\"><input size=\"40\" maxlength=\"400\" class=\"wpcf7-form-control wpcf7-text wpcf7-validates-as-required\" autocomplete=\"name\" aria-required=\"true\" aria-invalid=\"false\" value=\"\" type=\"text\" name=\"your-name\" \/><\/span> <\/label>\n<\/p>\n<p><label> Votre e-mail<br \/>\n<span class=\"wpcf7-form-control-wrap\" data-name=\"your-email\"><input size=\"40\" maxlength=\"400\" class=\"wpcf7-form-control wpcf7-email wpcf7-validates-as-required wpcf7-text wpcf7-validates-as-email\" autocomplete=\"email\" aria-required=\"true\" aria-invalid=\"false\" value=\"\" type=\"email\" name=\"your-email\" \/><\/span> <\/label>\n<\/p>\n<p><label> Sujet<br \/>\n<span class=\"wpcf7-form-control-wrap\" data-name=\"your-subject\"><input size=\"40\" maxlength=\"400\" class=\"wpcf7-form-control wpcf7-text wpcf7-validates-as-required\" aria-required=\"true\" aria-invalid=\"false\" value=\"\" type=\"text\" name=\"your-subject\" \/><\/span> <\/label>\n<\/p>\n<p><label> votre telephone (facultatif)<br \/>\n<span class=\"wpcf7-form-control-wrap\" data-name=\"tel-83\"><input size=\"40\" maxlength=\"400\" class=\"wpcf7-form-control wpcf7-tel wpcf7-text wpcf7-validates-as-tel\" aria-invalid=\"false\" value=\"\" type=\"tel\" name=\"tel-83\" \/><\/span> <\/label>\n<\/p>\n<p><label> Votre message<br \/>\n<span class=\"wpcf7-form-control-wrap\" data-name=\"your-message\"><textarea cols=\"40\" rows=\"10\" maxlength=\"2000\" class=\"wpcf7-form-control wpcf7-textarea wpcf7-validates-as-required\" aria-required=\"true\" aria-invalid=\"false\" name=\"your-message\"><\/textarea><\/span> <\/label>\n<\/p>\n<p><span class=\"wpcf7-form-control-wrap\" data-name=\"mentions-obligatoires\"><span class=\"wpcf7-form-control wpcf7-acceptance\"><span class=\"wpcf7-list-item\"><label><input type=\"checkbox\" name=\"mentions-obligatoires\" value=\"1\" aria-invalid=\"false\" \/><span class=\"wpcf7-list-item-label\">J'ai lu et j'accepte les \n<a href=\"https:\/\/psy-sylviaderoulhac.fr\/?page_id=1905\" target=\"_blank\">Mentions l\u00e9gales<\/a>, \nla \n<a href=\"https:\/\/psy-sylviaderoulhac.fr\/?page_id=1907\" target=\"_blank\">Politique de protection des donn\u00e9es<\/a>.<\/span><\/label><\/span><\/span><\/span>\n<\/p>\n<p><div id=\"cf7sr-69e260d120c5c\" class=\"cf7sr-g-hcaptcha\" data-theme=\"light\" data-size=\"normal\" data-sitekey=\"479e2f28-9236-4fd8-9a0c-63281cd8a336\"><\/div><span class=\"wpcf7-form-control-wrap cf7sr-hcaptcha\" data-name=\"cf7sr-hcaptcha\"><input type=\"hidden\" name=\"cf7sr-hcaptcha\" value=\"\" class=\"wpcf7-form-control\"><\/span>\n<\/p>\n<p><input class=\"wpcf7-form-control wpcf7-submit has-spinner\" type=\"submit\" value=\"Envoyer\" \/>\n<\/p><div class=\"wpcf7-response-output\" aria-hidden=\"true\"><\/div>\n<\/form>\n<\/div>\n\n<\/div>\n<\/div><\/div>\n","protected":false},"excerpt":{"rendered":"","protected":false},"author":1,"featured_media":0,"parent":0,"menu_order":0,"comment_status":"closed","ping_status":"closed","template":"template-plain","meta":{"_themeisle_gutenberg_block_has_review":false,"footnotes":""},"class_list":["post-1864","page","type-page","status-publish","hentry"],"yoast_head":"<!-- This site is optimized with the Yoast SEO plugin v25.3 - https:\/\/yoast.com\/wordpress\/plugins\/seo\/ -->\n<title>formulaire - Sylvia de Roulhac - Psy Carcassonne<\/title>\n<meta name=\"robots\" content=\"index, follow, max-snippet:-1, max-image-preview:large, max-video-preview:-1\" \/>\n<link rel=\"canonical\" href=\"https:\/\/psy-sylviaderoulhac.fr\/?page_id=1864\" \/>\n<meta property=\"og:locale\" content=\"fr_FR\" \/>\n<meta property=\"og:type\" content=\"article\" \/>\n<meta property=\"og:title\" content=\"formulaire - Sylvia de Roulhac - Psy Carcassonne\" \/>\n<meta property=\"og:url\" content=\"https:\/\/psy-sylviaderoulhac.fr\/?page_id=1864\" \/>\n<meta property=\"og:site_name\" content=\"Sylvia de Roulhac - Psy Carcassonne\" \/>\n<meta property=\"article:publisher\" content=\"https:\/\/www.facebook.com\/sylvia.gregoirederoulhac?locale=fr_FR\" \/>\n<meta property=\"article:modified_time\" content=\"2025-06-13T14:15:15+00:00\" \/>\n<meta name=\"twitter:card\" content=\"summary_large_image\" \/>\n<script type=\"application\/ld+json\" class=\"yoast-schema-graph\">{\"@context\":\"https:\/\/schema.org\",\"@graph\":[{\"@type\":\"WebPage\",\"@id\":\"https:\/\/psy-sylviaderoulhac.fr\/?page_id=1864\",\"url\":\"https:\/\/psy-sylviaderoulhac.fr\/?page_id=1864\",\"name\":\"formulaire - Sylvia de Roulhac - Psy Carcassonne\",\"isPartOf\":{\"@id\":\"https:\/\/psy-sylviaderoulhac.fr\/#website\"},\"datePublished\":\"2025-06-05T06:29:26+00:00\",\"dateModified\":\"2025-06-13T14:15:15+00:00\",\"breadcrumb\":{\"@id\":\"https:\/\/psy-sylviaderoulhac.fr\/?page_id=1864#breadcrumb\"},\"inLanguage\":\"fr-FR\",\"potentialAction\":[{\"@type\":\"ReadAction\",\"target\":[\"https:\/\/psy-sylviaderoulhac.fr\/?page_id=1864\"]}]},{\"@type\":\"BreadcrumbList\",\"@id\":\"https:\/\/psy-sylviaderoulhac.fr\/?page_id=1864#breadcrumb\",\"itemListElement\":[{\"@type\":\"ListItem\",\"position\":1,\"name\":\"Accueil\",\"item\":\"https:\/\/psy-sylviaderoulhac.fr\/\"},{\"@type\":\"ListItem\",\"position\":2,\"name\":\"formulaire\"}]},{\"@type\":\"WebSite\",\"@id\":\"https:\/\/psy-sylviaderoulhac.fr\/#website\",\"url\":\"https:\/\/psy-sylviaderoulhac.fr\/\",\"name\":\"Sylvia de Roulhac - Psy Carcassonne\",\"description\":\"centre bien-\u00eatre Biosport 43 BVD Jean Jaures 11000 Carcassonne face \u00e0&lt;br&gt;la station-service du M\u00e9tropole\",\"publisher\":{\"@id\":\"https:\/\/psy-sylviaderoulhac.fr\/#organization\"},\"potentialAction\":[{\"@type\":\"SearchAction\",\"target\":{\"@type\":\"EntryPoint\",\"urlTemplate\":\"https:\/\/psy-sylviaderoulhac.fr\/?s={search_term_string}\"},\"query-input\":{\"@type\":\"PropertyValueSpecification\",\"valueRequired\":true,\"valueName\":\"search_term_string\"}}],\"inLanguage\":\"fr-FR\"},{\"@type\":\"Organization\",\"@id\":\"https:\/\/psy-sylviaderoulhac.fr\/#organization\",\"name\":\"Sylvia de Roulhac - Psy Carcassonne\",\"url\":\"https:\/\/psy-sylviaderoulhac.fr\/\",\"logo\":{\"@type\":\"ImageObject\",\"inLanguage\":\"fr-FR\",\"@id\":\"https:\/\/psy-sylviaderoulhac.fr\/#\/schema\/logo\/image\/\",\"url\":\"https:\/\/psy-sylviaderoulhac.fr\/wp-content\/uploads\/2024\/04\/cropped-cropped-cropped-logo-Sylvia-psy.jpg\",\"contentUrl\":\"https:\/\/psy-sylviaderoulhac.fr\/wp-content\/uploads\/2024\/04\/cropped-cropped-cropped-logo-Sylvia-psy.jpg\",\"width\":233,\"height\":233,\"caption\":\"Sylvia de Roulhac - Psy Carcassonne\"},\"image\":{\"@id\":\"https:\/\/psy-sylviaderoulhac.fr\/#\/schema\/logo\/image\/\"},\"sameAs\":[\"https:\/\/www.facebook.com\/sylvia.gregoirederoulhac?locale=fr_FR\",\"https:\/\/www.instagram.com\/massages_carcassonne_\/\",\"https:\/\/www.psychologue.net\/cabinets\/sylvia-gregoire-de-roulhac\"]}]}<\/script>\n<!-- \/ Yoast SEO plugin. -->","yoast_head_json":{"title":"formulaire - Sylvia de Roulhac - Psy Carcassonne","robots":{"index":"index","follow":"follow","max-snippet":"max-snippet:-1","max-image-preview":"max-image-preview:large","max-video-preview":"max-video-preview:-1"},"canonical":"https:\/\/psy-sylviaderoulhac.fr\/?page_id=1864","og_locale":"fr_FR","og_type":"article","og_title":"formulaire - Sylvia de Roulhac - Psy Carcassonne","og_url":"https:\/\/psy-sylviaderoulhac.fr\/?page_id=1864","og_site_name":"Sylvia de Roulhac - Psy Carcassonne","article_publisher":"https:\/\/www.facebook.com\/sylvia.gregoirederoulhac?locale=fr_FR","article_modified_time":"2025-06-13T14:15:15+00:00","twitter_card":"summary_large_image","schema":{"@context":"https:\/\/schema.org","@graph":[{"@type":"WebPage","@id":"https:\/\/psy-sylviaderoulhac.fr\/?page_id=1864","url":"https:\/\/psy-sylviaderoulhac.fr\/?page_id=1864","name":"formulaire - Sylvia de Roulhac - Psy Carcassonne","isPartOf":{"@id":"https:\/\/psy-sylviaderoulhac.fr\/#website"},"datePublished":"2025-06-05T06:29:26+00:00","dateModified":"2025-06-13T14:15:15+00:00","breadcrumb":{"@id":"https:\/\/psy-sylviaderoulhac.fr\/?page_id=1864#breadcrumb"},"inLanguage":"fr-FR","potentialAction":[{"@type":"ReadAction","target":["https:\/\/psy-sylviaderoulhac.fr\/?page_id=1864"]}]},{"@type":"BreadcrumbList","@id":"https:\/\/psy-sylviaderoulhac.fr\/?page_id=1864#breadcrumb","itemListElement":[{"@type":"ListItem","position":1,"name":"Accueil","item":"https:\/\/psy-sylviaderoulhac.fr\/"},{"@type":"ListItem","position":2,"name":"formulaire"}]},{"@type":"WebSite","@id":"https:\/\/psy-sylviaderoulhac.fr\/#website","url":"https:\/\/psy-sylviaderoulhac.fr\/","name":"Sylvia de Roulhac - Psy Carcassonne","description":"centre bien-\u00eatre Biosport 43 BVD Jean Jaures 11000 Carcassonne face \u00e0&lt;br&gt;la station-service du M\u00e9tropole","publisher":{"@id":"https:\/\/psy-sylviaderoulhac.fr\/#organization"},"potentialAction":[{"@type":"SearchAction","target":{"@type":"EntryPoint","urlTemplate":"https:\/\/psy-sylviaderoulhac.fr\/?s={search_term_string}"},"query-input":{"@type":"PropertyValueSpecification","valueRequired":true,"valueName":"search_term_string"}}],"inLanguage":"fr-FR"},{"@type":"Organization","@id":"https:\/\/psy-sylviaderoulhac.fr\/#organization","name":"Sylvia de Roulhac - Psy Carcassonne","url":"https:\/\/psy-sylviaderoulhac.fr\/","logo":{"@type":"ImageObject","inLanguage":"fr-FR","@id":"https:\/\/psy-sylviaderoulhac.fr\/#\/schema\/logo\/image\/","url":"https:\/\/psy-sylviaderoulhac.fr\/wp-content\/uploads\/2024\/04\/cropped-cropped-cropped-logo-Sylvia-psy.jpg","contentUrl":"https:\/\/psy-sylviaderoulhac.fr\/wp-content\/uploads\/2024\/04\/cropped-cropped-cropped-logo-Sylvia-psy.jpg","width":233,"height":233,"caption":"Sylvia de Roulhac - Psy Carcassonne"},"image":{"@id":"https:\/\/psy-sylviaderoulhac.fr\/#\/schema\/logo\/image\/"},"sameAs":["https:\/\/www.facebook.com\/sylvia.gregoirederoulhac?locale=fr_FR","https:\/\/www.instagram.com\/massages_carcassonne_\/","https:\/\/www.psychologue.net\/cabinets\/sylvia-gregoire-de-roulhac"]}]}},"_links":{"self":[{"href":"https:\/\/psy-sylviaderoulhac.fr\/index.php?rest_route=\/wp\/v2\/pages\/1864","targetHints":{"allow":["GET"]}}],"collection":[{"href":"https:\/\/psy-sylviaderoulhac.fr\/index.php?rest_route=\/wp\/v2\/pages"}],"about":[{"href":"https:\/\/psy-sylviaderoulhac.fr\/index.php?rest_route=\/wp\/v2\/types\/page"}],"author":[{"embeddable":true,"href":"https:\/\/psy-sylviaderoulhac.fr\/index.php?rest_route=\/wp\/v2\/users\/1"}],"replies":[{"embeddable":true,"href":"https:\/\/psy-sylviaderoulhac.fr\/index.php?rest_route=%2Fwp%2Fv2%2Fcomments&post=1864"}],"version-history":[{"count":14,"href":"https:\/\/psy-sylviaderoulhac.fr\/index.php?rest_route=\/wp\/v2\/pages\/1864\/revisions"}],"predecessor-version":[{"id":1898,"href":"https:\/\/psy-sylviaderoulhac.fr\/index.php?rest_route=\/wp\/v2\/pages\/1864\/revisions\/1898"}],"wp:attachment":[{"href":"https:\/\/psy-sylviaderoulhac.fr\/index.php?rest_route=%2Fwp%2Fv2%2Fmedia&parent=1864"}],"curies":[{"name":"wp","href":"https:\/\/api.w.org\/{rel}","templated":true}]}}